{"id":19,"date":"2017-02-27T15:26:40","date_gmt":"2017-02-27T14:26:40","guid":{"rendered":"http:\/\/szamotuly.bike\/?page_id=19"},"modified":"2018-08-09T11:48:16","modified_gmt":"2018-08-09T09:48:16","slug":"kontakt","status":"publish","type":"page","link":"https:\/\/tychowskirower.pl\/de\/kontaktdaten\/","title":{"rendered":"Kontaktdaten"},"content":{"rendered":"<p><\/p>\n<div class=\"col col-xs-12\">\n<h2>KONTAKTDATEN<\/h2>\n<\/div>\n<div class=\"col col-xs-12\">\n<p><strong>Kundendienst<\/strong><\/p>\n<p>von Montag bis Freitag in der Zeit: 08.00-15.00 Uhr<\/p>\n<p>Au\u00dfer der Saison: von Montag bis Freitag in der Zeit: 10.00-12.00 Uhr<\/p>\n<p>tel.: <a href=\"tel:690990257\">+48 690 990 257<\/a><br \/>\n(Gespr\u00e4chskosten nach Betreibertarifen)<\/p>\n<p><strong>Reklamationen und Anfragen: <\/strong><br \/>\n<a href=\"mailto:bok@tychowskirower.pl\">bok@tychowskirower.pl<\/a><\/p>\n<div class=\"hide-at-home\">\n<p>Gminny O\u015brodek Sportu i Gospodarki Komunalnej<br \/>\nul. Bobolicka 17, 78-220 Tychowo.\n<\/p><\/div>\n<\/div>\n<p><\/p>","protected":false},"excerpt":{"rendered":"<p>KONTAKTDATEN Kundendienst von Montag bis Freitag in der Zeit: 08.00-15.00 Uhr Au\u00dfer der Saison: von Montag bis Freitag in der Zeit: 10.00-12.00 Uhr tel.: +48 690 990 257 (Gespr\u00e4chskosten nach Betreibertarifen) Reklamationen und Anfragen: bok@tychowskirower.pl Gminny O\u015brodek Sportu i Gospodarki Komunalnej ul. Bobolicka 17, 78-220 Tychowo.<\/p>\n","protected":false},"author":12,"featured_media":0,"parent":0,"menu_order":0,"comment_status":"closed","ping_status":"closed","template":"contact.php","meta":[],"_links":{"self":[{"href":"https:\/\/tychowskirower.pl\/de\/wp-json\/wp\/v2\/pages\/19"}],"collection":[{"href":"https:\/\/tychowskirower.pl\/de\/wp-json\/wp\/v2\/pages"}],"about":[{"href":"https:\/\/tychowskirower.pl\/de\/wp-json\/wp\/v2\/types\/page"}],"author":[{"embeddable":true,"href":"https:\/\/tychowskirower.pl\/de\/wp-json\/wp\/v2\/users\/12"}],"replies":[{"embeddable":true,"href":"https:\/\/tychowskirower.pl\/de\/wp-json\/wp\/v2\/comments?post=19"}],"version-history":[{"count":83,"href":"https:\/\/tychowskirower.pl\/de\/wp-json\/wp\/v2\/pages\/19\/revisions"}],"predecessor-version":[{"id":1697,"href":"https:\/\/tychowskirower.pl\/de\/wp-json\/wp\/v2\/pages\/19\/revisions\/1697"}],"wp:attachment":[{"href":"https:\/\/tychowskirower.pl\/de\/wp-json\/wp\/v2\/media?parent=19"}],"curies":[{"name":"wp","href":"https:\/\/api.w.org\/{rel}","templated":true}]}}