{"id":15,"date":"2017-02-27T15:26:11","date_gmt":"2017-02-27T14:26:11","guid":{"rendered":"http:\/\/szamotuly.bike\/?page_id=15"},"modified":"2018-08-01T11:19:28","modified_gmt":"2018-08-01T09:19:28","slug":"cennik","status":"publish","type":"page","link":"https:\/\/tychowskirower.pl\/de\/preisliste\/","title":{"rendered":"Preisliste"},"content":{"rendered":"<p>Bitte beachten sie, dass Ihr Konto nur dann aktiv ist, wenn es ein Guthaben von mindestens 10 PLN aufweist oder wenn es durch eine Kreditkarte gedeckt wird.<\/p>\n<table>\n<tbody>\n<tr>\n<td colspan=\"2\" width=\"393\"><strong>Art der Geb\u00fchren<\/strong><\/td>\n<td width=\"95\"><strong>Brutto-Wert<\/strong><\/td>\n<\/tr>\n<tr>\n<td colspan=\"2\" width=\"393\">Leitgeb\u00fchr<\/td>\n<td width=\"95\">10 PLN<\/td>\n<\/tr>\n<tr>\n<td rowspan=\"4\" width=\"211\">Zeitgeb\u00fchr<\/td>\n<td width=\"182\">Mietdauer:<\/td>\n<td width=\"95\"><\/td>\n<\/tr>\n<tr>\n<td width=\"182\">zwischen 1. und 20. Min.<\/td>\n<td width=\"95\">0 PLN<\/td>\n<\/tr>\n<tr>\n<td width=\"182\">\u00a0zwischen 21. und 60. Min.<\/td>\n<td width=\"95\">1 PLN<\/td>\n<\/tr>\n<tr>\n<td width=\"182\">zweite und jede weitere Stunde<\/td>\n<td width=\"95\">\u00a02 PLN<\/td>\n<\/tr>\n<tr>\n<td colspan=\"2\" width=\"393\">Schriftliche Benachrichtigung per Brief \u00fcber Versto\u00df gegen Nutzungsbestimmungen<\/td>\n<td width=\"95\">10 PLN<\/td>\n<\/tr>\n<tr>\n<td colspan=\"2\" width=\"393\">Fahrradr\u00fcckgabe an einem anderen Ort als eine Station<\/td>\n<td width=\"95\">180 PLN<\/td>\n<\/tr>\n<tr>\n<td colspan=\"2\" width=\"393\">Gebu\u0308hr bei \u00dcberschreitung von 12 Stunden Verleihdauer<\/td>\n<td width=\"95\">200 PLN<\/td>\n<\/tr>\n<\/tbody>\n<\/table>\n<p>&nbsp;<\/p>\n<p>&nbsp;<\/p>\n<table>\n<tbody>\n<tr>\n<td colspan=\"2\" width=\"488\"><strong>Strafen<\/strong><\/td>\n<\/tr>\n<tr>\n<td width=\"244\">Diebstahl, Verlust oder komplette Zerst\u00f6rung eines Standardfahrrads<\/td>\n<td width=\"243\">2000 PLN<\/td>\n<\/tr>\n<tr>\n<td width=\"244\">Diebstahl, Verlust oder komplette Zerst\u00f6rung eines Transportrads<\/td>\n<td width=\"243\">7000 PLN<\/td>\n<\/tr>\n<tr>\n<td width=\"244\">Diebstahl, Verlust oder komplette Zerst\u00f6rung eines Tandem-Fahrrads<\/td>\n<td width=\"243\">7000 PLN<\/td>\n<\/tr>\n<\/tbody>\n<\/table>\n<p>Die in der Liste angegebenen Geb\u00fchren enthalten die gesetzliche MwSt.<\/p>\n<p>&nbsp;<\/p>","protected":false},"excerpt":{"rendered":"<p>Bitte beachten sie, dass Ihr Konto nur dann aktiv ist, wenn es ein Guthaben von mindestens 10 PLN aufweist oder wenn es durch eine Kreditkarte gedeckt wird. Art der Geb\u00fchren Brutto-Wert Leitgeb\u00fchr 10 PLN Zeitgeb\u00fchr Mietdauer: zwischen 1. und 20. Min. 0 PLN \u00a0zwischen 21. und 60. Min. 1 PLN zweite und jede weitere Stunde [&hellip;]<\/p>\n","protected":false},"author":12,"featured_media":0,"parent":0,"menu_order":0,"comment_status":"closed","ping_status":"closed","template":"pricing.php","meta":[],"_links":{"self":[{"href":"https:\/\/tychowskirower.pl\/de\/wp-json\/wp\/v2\/pages\/15"}],"collection":[{"href":"https:\/\/tychowskirower.pl\/de\/wp-json\/wp\/v2\/pages"}],"about":[{"href":"https:\/\/tychowskirower.pl\/de\/wp-json\/wp\/v2\/types\/page"}],"author":[{"embeddable":true,"href":"https:\/\/tychowskirower.pl\/de\/wp-json\/wp\/v2\/users\/12"}],"replies":[{"embeddable":true,"href":"https:\/\/tychowskirower.pl\/de\/wp-json\/wp\/v2\/comments?post=15"}],"version-history":[{"count":86,"href":"https:\/\/tychowskirower.pl\/de\/wp-json\/wp\/v2\/pages\/15\/revisions"}],"predecessor-version":[{"id":1662,"href":"https:\/\/tychowskirower.pl\/de\/wp-json\/wp\/v2\/pages\/15\/revisions\/1662"}],"wp:attachment":[{"href":"https:\/\/tychowskirower.pl\/de\/wp-json\/wp\/v2\/media?parent=15"}],"curies":[{"name":"wp","href":"https:\/\/api.w.org\/{rel}","templated":true}]}}